{"id":13439,"date":"2020-10-20T22:58:26","date_gmt":"2020-10-20T20:58:26","guid":{"rendered":"https:\/\/hushaus.pl\/?page_id=13439"},"modified":"2024-06-12T16:54:29","modified_gmt":"2024-06-12T14:54:29","slug":"oferta","status":"publish","type":"page","link":"https:\/\/roletychojnacki.pl\/index.php\/oferta\/","title":{"rendered":"Oferta"},"content":{"rendered":"\t\t<div data-elementor-type=\"wp-page\" data-elementor-id=\"13439\" class=\"elementor elementor-13439\" data-elementor-post-type=\"page\">\n\t\t\t\t\t\t<section class=\"elementor-section elementor-top-section elementor-element elementor-element-730a841 elementor-section-boxed elementor-section-height-default elementor-section-height-default\" data-id=\"730a841\" data-element_type=\"section\">\n\t\t\t\t\t\t<div class=\"elementor-container elementor-column-gap-default\">\n\t\t\t\t\t<div class=\"elementor-column elementor-col-33 elementor-top-column elementor-element elementor-element-644d318\" data-id=\"644d318\" data-element_type=\"column\">\n\t\t\t<div class=\"elementor-widget-wrap elementor-element-populated\">\n\t\t\t\t\t\t<div class=\"elementor-element elementor-element-81b736d elementor-invisible elementor-widget elementor-widget-pix-promo-box\" data-id=\"81b736d\" data-element_type=\"widget\" data-widget_type=\"pix-promo-box.default\">\n\t\t\t\t<div class=\"elementor-widget-container\">\n\t\t\t\t\t<div class=\"animate-in d-inline-block w-100\" data-anim-type=\"fade-in-right-big\" data-anim-delay=\"0\"><div class=\"tilt\"><div class=\"card w-100 h-100 bg-black  pix-hover-item rounded-lg position-relative overflow-hidden text-white   text-left w-100 d-inline-block\"  data-anim-type=\"fade-in-right-big\" data-anim-delay=\"0\" >\n\t\t  <img decoding=\"async\" src=\"https:\/\/roletychojnacki.pl\/wp-content\/uploads\/2020\/11\/unnamed-1.jpg\" class=\"card-img pix-bg-image pix-img-scale h-100 pix-opacity-6 pix-hover-opacity-8\" alt=\"Rolety Dzie\u0144 Noc\">\n\t\t  <a href=\"\"  class=\"card-img-overlay2 d-inline-block w-100 pix-img-overlay pix-p-20 d-flex align-items-end\" style=\"min-height:300px;\">\n\t\t  \t<div><h5 class=\"card-title font-weight-bold text-white pix-my-10\" style=\"\">Rolety Dzie\u0144 Noc<\/h5><span class=\"d-flex align-items-center font-weight-bold text-custom text-18\" style=\"color:#02010100 !important;\"><span><\/span><i class=\"pixicon-angle-right pix-hover-right pix-hover-item pix-ml-10 font-weight-bold text-20\"><\/i><\/span>\n\t\t\t<\/div>\n\t\t  <\/a>\n\t\t<\/div><\/div><\/div>\t\t\t\t<\/div>\n\t\t\t\t<\/div>\n\t\t\t\t<div class=\"elementor-element elementor-element-5967aaa elementor-widget elementor-widget-text-editor\" data-id=\"5967aaa\" data-element_type=\"widget\" data-widget_type=\"text-editor.default\">\n\t\t\t\t<div class=\"elementor-widget-container\">\n\t\t\t\t\t\t\t\t\t<p style=\"text-align: left;\">Jest to oryginalne rozwi\u0105zanie, pobudzaj\u0105ce wyobra\u017ani\u0119 oraz dostarczaj\u0105ce nam wielu pomys\u0142\u00f3w na aran\u017cacje pomieszczenia.<\/p>\t\t\t\t\t\t\t\t<\/div>\n\t\t\t\t<\/div>\n\t\t\t\t\t<\/div>\n\t\t<\/div>\n\t\t\t\t<div class=\"elementor-column elementor-col-33 elementor-top-column elementor-element elementor-element-5dc8209\" data-id=\"5dc8209\" data-element_type=\"column\">\n\t\t\t<div class=\"elementor-widget-wrap elementor-element-populated\">\n\t\t\t\t\t\t<div class=\"elementor-element elementor-element-8b58bfe elementor-invisible elementor-widget elementor-widget-pix-promo-box\" data-id=\"8b58bfe\" data-element_type=\"widget\" data-widget_type=\"pix-promo-box.default\">\n\t\t\t\t<div class=\"elementor-widget-container\">\n\t\t\t\t\t<div class=\"animate-in d-inline-block w-100\" data-anim-type=\"fade-in-right-big\" data-anim-delay=\"0\"><div class=\"card w-100 h-100 bg-black  pix-hover-item rounded-lg position-relative overflow-hidden text-white   text-left w-100 d-inline-block\"  data-anim-type=\"fade-in-right-big\" data-anim-delay=\"0\" >\n\t\t  <img decoding=\"async\" src=\"https:\/\/roletychojnacki.pl\/wp-content\/uploads\/2020\/11\/Rolety-gotowe-zakladane-na-rame-wejscie-730x548-1.jpg\" class=\"card-img pix-bg-image pix-img-scale h-100 pix-opacity-6 pix-hover-opacity-8\" alt=\"Rolety Materia\u0142owe\">\n\t\t  <a href=\"#\"  class=\"card-img-overlay2 d-inline-block w-100 pix-img-overlay pix-p-20 d-flex align-items-end\" style=\"min-height:300px;\">\n\t\t  \t<div><h5 class=\"card-title font-weight-bold text-white pix-my-10\" style=\"\">Rolety Materia\u0142owe<\/h5><span class=\"d-flex align-items-center font-weight-bold text-custom text-18\" style=\"color:#02010100 !important;\"><span><\/span><i class=\"pixicon-angle-right pix-hover-right pix-hover-item pix-ml-10 font-weight-bold text-20\"><\/i><\/span>\n\t\t\t<\/div>\n\t\t  <\/a>\n\t\t<\/div><\/div>\t\t\t\t<\/div>\n\t\t\t\t<\/div>\n\t\t\t\t<div class=\"elementor-element elementor-element-74db8ab elementor-widget elementor-widget-text-editor\" data-id=\"74db8ab\" data-element_type=\"widget\" data-widget_type=\"text-editor.default\">\n\t\t\t\t<div class=\"elementor-widget-container\">\n\t\t\t\t\t\t\t\t\t<p style=\"text-align: left;\">Najprostszy system, w kt\u00f3rym tkanina jest przyklejana do poprzecznej u\u0142o\u017conej rurki aluminiowej. Rolety te s\u0105 montowane <br \/>do sufitu lub \u015bciany<\/p>\t\t\t\t\t\t\t\t<\/div>\n\t\t\t\t<\/div>\n\t\t\t\t\t<\/div>\n\t\t<\/div>\n\t\t\t\t<div class=\"elementor-column elementor-col-33 elementor-top-column elementor-element elementor-element-1737f45\" data-id=\"1737f45\" data-element_type=\"column\">\n\t\t\t<div class=\"elementor-widget-wrap elementor-element-populated\">\n\t\t\t\t\t\t<div class=\"elementor-element elementor-element-4a896ca elementor-invisible elementor-widget elementor-widget-pix-promo-box\" data-id=\"4a896ca\" data-element_type=\"widget\" data-widget_type=\"pix-promo-box.default\">\n\t\t\t\t<div class=\"elementor-widget-container\">\n\t\t\t\t\t<div class=\"animate-in d-inline-block w-100\" data-anim-type=\"fade-in-right-big\" data-anim-delay=\"0\"><div class=\"card w-100 h-100 bg-black  pix-hover-item rounded-lg position-relative overflow-hidden text-white   text-left w-100 d-inline-block\"  data-anim-type=\"fade-in-right-big\" data-anim-delay=\"0\" >\n\t\t  <img decoding=\"async\" src=\"https:\/\/roletychojnacki.pl\/wp-content\/uploads\/2020\/11\/rolety-800x445-1.jpg\" class=\"card-img pix-bg-image pix-img-scale h-100 pix-opacity-6 pix-hover-opacity-8\" alt=\"Rolety Rzymskie\">\n\t\t  <a href=\"\"  class=\"card-img-overlay2 d-inline-block w-100 pix-img-overlay pix-p-20 d-flex align-items-end\" style=\"min-height:300px;\">\n\t\t  \t<div><h5 class=\"card-title font-weight-bold text-white pix-my-10\" style=\"\">Rolety Rzymskie<\/h5><span class=\"d-flex align-items-center font-weight-bold text-custom text-18\" style=\"color:#02010100 !important;\"><span><\/span><i class=\"pixicon-angle-right pix-hover-right pix-hover-item pix-ml-10 font-weight-bold text-20\"><\/i><\/span>\n\t\t\t<\/div>\n\t\t  <\/a>\n\t\t<\/div><\/div>\t\t\t\t<\/div>\n\t\t\t\t<\/div>\n\t\t\t\t<div class=\"elementor-element elementor-element-9f2e1fa elementor-widget elementor-widget-text-editor\" data-id=\"9f2e1fa\" data-element_type=\"widget\" data-widget_type=\"text-editor.default\">\n\t\t\t\t<div class=\"elementor-widget-container\">\n\t\t\t\t\t\t\t\t\t<p style=\"text-align: left;\">Ekskluzywne rolety szczeg\u00f3lnie przeznaczone do dekoracji wn\u0119trz. Ich tkanina zamocowana na mechanizmie sznurkowym lub koralikowym podczas podnoszenia jej fa\u0142duje si\u0119.<\/p>\t\t\t\t\t\t\t\t<\/div>\n\t\t\t\t<\/div>\n\t\t\t\t\t<\/div>\n\t\t<\/div>\n\t\t\t\t\t<\/div>\n\t\t<\/section>\n\t\t\t\t<section class=\"elementor-section elementor-top-section elementor-element elementor-element-cd69c37 elementor-section-boxed elementor-section-height-default elementor-section-height-default\" data-id=\"cd69c37\" data-element_type=\"section\">\n\t\t\t\t\t\t<div class=\"elementor-container elementor-column-gap-default\">\n\t\t\t\t\t<div class=\"elementor-column elementor-col-33 elementor-top-column elementor-element elementor-element-7b2483d\" data-id=\"7b2483d\" data-element_type=\"column\">\n\t\t\t<div class=\"elementor-widget-wrap elementor-element-populated\">\n\t\t\t\t\t\t<div class=\"elementor-element elementor-element-826afd2 elementor-invisible elementor-widget elementor-widget-pix-promo-box\" data-id=\"826afd2\" data-element_type=\"widget\" data-widget_type=\"pix-promo-box.default\">\n\t\t\t\t<div class=\"elementor-widget-container\">\n\t\t\t\t\t<div class=\"animate-in d-inline-block w-100\" data-anim-type=\"fade-in-right-big\" data-anim-delay=\"0\"><div class=\"card w-100 h-100 bg-black  pix-hover-item rounded-lg position-relative overflow-hidden text-white   text-left w-100 d-inline-block\"  data-anim-type=\"fade-in-right-big\" data-anim-delay=\"0\" >\n\t\t  <img decoding=\"async\" src=\"https:\/\/roletychojnacki.pl\/wp-content\/uploads\/2020\/11\/images.jpg\" class=\"card-img pix-bg-image pix-img-scale h-100 pix-opacity-6 pix-hover-opacity-8\" alt=\"Moskitiery\">\n\t\t  <a href=\"\"  class=\"card-img-overlay2 d-inline-block w-100 pix-img-overlay pix-p-20 d-flex align-items-end\" style=\"min-height:300px;\">\n\t\t  \t<div><h5 class=\"card-title font-weight-bold text-white pix-my-10\" style=\"\">Moskitiery<\/h5><span class=\"d-flex align-items-center font-weight-bold text-custom text-18\" style=\"color:#02010100 !important;\"><span><\/span><i class=\"pixicon-angle-right pix-hover-right pix-hover-item pix-ml-10 font-weight-bold text-20\"><\/i><\/span>\n\t\t\t<\/div>\n\t\t  <\/a>\n\t\t<\/div><\/div>\t\t\t\t<\/div>\n\t\t\t\t<\/div>\n\t\t\t\t<div class=\"elementor-element elementor-element-750ff5e elementor-widget elementor-widget-text-editor\" data-id=\"750ff5e\" data-element_type=\"widget\" data-widget_type=\"text-editor.default\">\n\t\t\t\t<div class=\"elementor-widget-container\">\n\t\t\t\t\t\t\t\t\t<p style=\"text-align: left;\">Wielko\u015b\u0107 otwor\u00f3w w siatce zosta\u0142a dobrana w taki spos\u00f3b, \u017ce efektywnie zatrzymuje ona owady, nie utrudniaj\u0105c przy tym w\u0142a\u015bciwej cyrkulacji powietrza<\/p>\t\t\t\t\t\t\t\t<\/div>\n\t\t\t\t<\/div>\n\t\t\t\t\t<\/div>\n\t\t<\/div>\n\t\t\t\t<div class=\"elementor-column elementor-col-33 elementor-top-column elementor-element elementor-element-b75f5f4\" data-id=\"b75f5f4\" data-element_type=\"column\">\n\t\t\t<div class=\"elementor-widget-wrap elementor-element-populated\">\n\t\t\t\t\t\t<div class=\"elementor-element elementor-element-0bcb40c elementor-invisible elementor-widget elementor-widget-pix-promo-box\" data-id=\"0bcb40c\" data-element_type=\"widget\" data-widget_type=\"pix-promo-box.default\">\n\t\t\t\t<div class=\"elementor-widget-container\">\n\t\t\t\t\t<div class=\"animate-in d-inline-block w-100\" data-anim-type=\"fade-in-right-big\" data-anim-delay=\"0\"><div class=\"card w-100 h-100 bg-black  pix-hover-item rounded-lg position-relative overflow-hidden text-white   text-left w-100 d-inline-block\"  data-anim-type=\"fade-in-right-big\" data-anim-delay=\"0\" >\n\t\t  <img decoding=\"async\" src=\"https:\/\/roletychojnacki.pl\/wp-content\/uploads\/2020\/11\/rolety_dachowe.jpg\" class=\"card-img pix-bg-image pix-img-scale h-100 pix-opacity-6 pix-hover-opacity-8\" alt=\"Rolety Dachowe\">\n\t\t  <a href=\"\"  class=\"card-img-overlay2 d-inline-block w-100 pix-img-overlay pix-p-20 d-flex align-items-end\" style=\"min-height:300px;\">\n\t\t  \t<div><h5 class=\"card-title font-weight-bold text-white pix-my-10\" style=\"\">Rolety Dachowe<\/h5><span class=\"d-flex align-items-center font-weight-bold text-custom text-18\" style=\"color:#02010100 !important;\"><span><\/span><i class=\"pixicon-angle-right pix-hover-right pix-hover-item pix-ml-10 font-weight-bold text-20\"><\/i><\/span>\n\t\t\t<\/div>\n\t\t  <\/a>\n\t\t<\/div><\/div>\t\t\t\t<\/div>\n\t\t\t\t<\/div>\n\t\t\t\t<div class=\"elementor-element elementor-element-1dac01a elementor-widget elementor-widget-text-editor\" data-id=\"1dac01a\" data-element_type=\"widget\" data-widget_type=\"text-editor.default\">\n\t\t\t\t<div class=\"elementor-widget-container\">\n\t\t\t\t\t\t\t\t\t<p style=\"text-align: left;\">Okna dachowe do\u015bwietlaj\u0105 pomieszczenia urz\u0105dzone na u\u017cytkowym poddaszu. Jednak, przez szyby zamontowane bezpo\u015brednio w po\u0142aci dachowej,\u00a0<\/p>\t\t\t\t\t\t\t\t<\/div>\n\t\t\t\t<\/div>\n\t\t\t\t\t<\/div>\n\t\t<\/div>\n\t\t\t\t<div class=\"elementor-column elementor-col-33 elementor-top-column elementor-element elementor-element-7ff8b93\" data-id=\"7ff8b93\" data-element_type=\"column\">\n\t\t\t<div class=\"elementor-widget-wrap elementor-element-populated\">\n\t\t\t\t\t\t<div class=\"elementor-element elementor-element-9110693 elementor-invisible elementor-widget elementor-widget-pix-promo-box\" data-id=\"9110693\" data-element_type=\"widget\" data-widget_type=\"pix-promo-box.default\">\n\t\t\t\t<div class=\"elementor-widget-container\">\n\t\t\t\t\t<div class=\"animate-in d-inline-block w-100\" data-anim-type=\"fade-in-right-big\" data-anim-delay=\"0\"><div class=\"card w-100 h-100 bg-black  pix-hover-item rounded-lg position-relative overflow-hidden text-white   text-left w-100 d-inline-block\"  data-anim-type=\"fade-in-right-big\" data-anim-delay=\"0\" >\n\t\t  <img decoding=\"async\" src=\"https:\/\/roletychojnacki.pl\/wp-content\/uploads\/2020\/11\/plisy-1-e1606405112517.jpg\" class=\"card-img pix-bg-image pix-img-scale h-100 pix-opacity-6 pix-hover-opacity-8\" alt=\"Plisy\">\n\t\t  <a href=\"\"  class=\"card-img-overlay2 d-inline-block w-100 pix-img-overlay pix-p-20 d-flex align-items-end\" style=\"min-height:300px;\">\n\t\t  \t<div><h5 class=\"card-title font-weight-bold text-white pix-my-10\" style=\"\">Plisy<\/h5><span class=\"d-flex align-items-center font-weight-bold text-custom text-18\" style=\"color:#02010100 !important;\"><span><\/span><i class=\"pixicon-angle-right pix-hover-right pix-hover-item pix-ml-10 font-weight-bold text-20\"><\/i><\/span>\n\t\t\t<\/div>\n\t\t  <\/a>\n\t\t<\/div><\/div>\t\t\t\t<\/div>\n\t\t\t\t<\/div>\n\t\t\t\t<div class=\"elementor-element elementor-element-529df1c elementor-widget elementor-widget-text-editor\" data-id=\"529df1c\" data-element_type=\"widget\" data-widget_type=\"text-editor.default\">\n\t\t\t\t<div class=\"elementor-widget-container\">\n\t\t\t\t\t\t\t\t\t<p style=\"text-align: left;\">Wyj\u0105tkowo funkcjonalny rodzaj os\u0142on okiennych, poniewa\u017c w plisach mo\u017cna niezale\u017cnie podnosi\u0107 i opuszcza\u0107 g\u00f3rny i dolny profil rolety.<\/p>\t\t\t\t\t\t\t\t<\/div>\n\t\t\t\t<\/div>\n\t\t\t\t\t<\/div>\n\t\t<\/div>\n\t\t\t\t\t<\/div>\n\t\t<\/section>\n\t\t\t\t<section class=\"elementor-section elementor-top-section elementor-element elementor-element-b51a01b elementor-section-boxed elementor-section-height-default elementor-section-height-default\" data-id=\"b51a01b\" data-element_type=\"section\">\n\t\t\t\t\t\t<div class=\"elementor-container elementor-column-gap-default\">\n\t\t\t\t\t<div class=\"elementor-column elementor-col-100 elementor-top-column elementor-element elementor-element-71061be\" data-id=\"71061be\" data-element_type=\"column\">\n\t\t\t<div class=\"elementor-widget-wrap elementor-element-populated\">\n\t\t\t\t\t\t<div class=\"elementor-element elementor-element-6ec4115 elementor-widget elementor-widget-spacer\" data-id=\"6ec4115\" data-element_type=\"widget\" data-widget_type=\"spacer.default\">\n\t\t\t\t<div class=\"elementor-widget-container\">\n\t\t\t\t\t\t\t<div class=\"elementor-spacer\">\n\t\t\t<div class=\"elementor-spacer-inner\"><\/div>\n\t\t<\/div>\n\t\t\t\t\t\t<\/div>\n\t\t\t\t<\/div>\n\t\t\t\t\t<\/div>\n\t\t<\/div>\n\t\t\t\t\t<\/div>\n\t\t<\/section>\n\t\t\t\t<section class=\"elementor-section elementor-top-section elementor-element elementor-element-4e1c005 elementor-section-boxed elementor-section-height-default elementor-section-height-default\" data-id=\"4e1c005\" data-element_type=\"section\">\n\t\t\t\t\t\t<div class=\"elementor-container elementor-column-gap-default\">\n\t\t\t\t\t<div class=\"elementor-column elementor-col-100 elementor-top-column elementor-element elementor-element-8bcda2b\" data-id=\"8bcda2b\" data-element_type=\"column\">\n\t\t\t<div class=\"elementor-widget-wrap\">\n\t\t\t\t\t\t\t<\/div>\n\t\t<\/div>\n\t\t\t\t\t<\/div>\n\t\t<\/section>\n\t\t\t\t<\/div>\n\t\t","protected":false},"excerpt":{"rendered":"<p>Rolety Dzie\u0144 Noc Jest to oryginalne rozwi\u0105zanie, pobudzaj\u0105ce wyobra\u017ani\u0119 oraz dostarczaj\u0105ce nam wielu pomys\u0142\u00f3w na aran\u017cacje pomieszczenia. Rolety Materia\u0142owe Najprostszy system, w kt\u00f3rym tkanina jest przyklejana do poprzecznej u\u0142o\u017conej rurki aluminiowej. Rolety te s\u0105 montowane do sufitu lub \u015bciany Rolety&#8230;<\/p>\n","protected":false},"author":3,"featured_media":0,"parent":0,"menu_order":0,"comment_status":"closed","ping_status":"closed","template":"","meta":{"footnotes":""},"class_list":["post-13439","page","type-page","status-publish","hentry"],"_links":{"self":[{"href":"https:\/\/roletychojnacki.pl\/index.php\/wp-json\/wp\/v2\/pages\/13439","targetHints":{"allow":["GET"]}}],"collection":[{"href":"https:\/\/roletychojnacki.pl\/index.php\/wp-json\/wp\/v2\/pages"}],"about":[{"href":"https:\/\/roletychojnacki.pl\/index.php\/wp-json\/wp\/v2\/types\/page"}],"author":[{"embeddable":true,"href":"https:\/\/roletychojnacki.pl\/index.php\/wp-json\/wp\/v2\/users\/3"}],"replies":[{"embeddable":true,"href":"https:\/\/roletychojnacki.pl\/index.php\/wp-json\/wp\/v2\/comments?post=13439"}],"version-history":[{"count":67,"href":"https:\/\/roletychojnacki.pl\/index.php\/wp-json\/wp\/v2\/pages\/13439\/revisions"}],"predecessor-version":[{"id":14246,"href":"https:\/\/roletychojnacki.pl\/index.php\/wp-json\/wp\/v2\/pages\/13439\/revisions\/14246"}],"wp:attachment":[{"href":"https:\/\/roletychojnacki.pl\/index.php\/wp-json\/wp\/v2\/media?parent=13439"}],"curies":[{"name":"wp","href":"https:\/\/api.w.org\/{rel}","templated":true}]}}