{"id":13641,"date":"2020-10-24T16:53:57","date_gmt":"2020-10-24T14:53:57","guid":{"rendered":"https:\/\/hushaus.pl\/?page_id=13641"},"modified":"2024-08-19T16:30:19","modified_gmt":"2024-08-19T14:30:19","slug":"rolety-materialowe-2","status":"publish","type":"page","link":"https:\/\/roletychojnacki.pl\/index.php\/rolety-materialowe-2\/","title":{"rendered":"Rolety Materia\u0142owe"},"content":{"rendered":"\t\t<div data-elementor-type=\"wp-page\" data-elementor-id=\"13641\" class=\"elementor elementor-13641\" data-elementor-post-type=\"page\">\n\t\t\t\t\t\t<section class=\"elementor-section elementor-top-section elementor-element elementor-element-ab45ecb elementor-section-boxed elementor-section-height-default elementor-section-height-default\" data-id=\"ab45ecb\" data-element_type=\"section\">\n\t\t\t\t\t\t<div class=\"elementor-container elementor-column-gap-default\">\n\t\t\t\t\t<div class=\"elementor-column elementor-col-100 elementor-top-column elementor-element elementor-element-c2bc38a\" data-id=\"c2bc38a\" data-element_type=\"column\">\n\t\t\t<div class=\"elementor-widget-wrap elementor-element-populated\">\n\t\t\t\t\t\t<div class=\"elementor-element elementor-element-fce25f2 elementor-widget elementor-widget-pix-badge\" data-id=\"fce25f2\" data-element_type=\"widget\" data-widget_type=\"pix-badge.default\">\n\t\t\t\t<div class=\"elementor-widget-container\">\n\t\t\t\t\t<h6 class=\"d-inline-block mr-1 \"  ><span class=\"badge font-weight-bold bg-yellow  \" style=\" \"><span class=\"text-white\" style=\"\">Rolety Materia\u0142owe<\/span><\/span><\/h6>\t\t\t\t<\/div>\n\t\t\t\t<\/div>\n\t\t\t\t\t<\/div>\n\t\t<\/div>\n\t\t\t\t\t<\/div>\n\t\t<\/section>\n\t\t\t\t<section class=\"elementor-section elementor-top-section elementor-element elementor-element-5fd2692a elementor-section-stretched elementor-section-boxed elementor-section-height-default elementor-section-height-default\" data-id=\"5fd2692a\" data-element_type=\"section\" data-settings=\"{&quot;stretch_section&quot;:&quot;section-stretched&quot;,&quot;background_background&quot;:&quot;classic&quot;}\">\n\t\t\t\t\t\t<div class=\"elementor-container elementor-column-gap-default\">\n\t\t\t\t\t<div class=\"elementor-column elementor-col-50 elementor-top-column elementor-element elementor-element-302e3958\" data-id=\"302e3958\" data-element_type=\"column\">\n\t\t\t<div class=\"elementor-widget-wrap elementor-element-populated\">\n\t\t\t\t\t\t<div class=\"elementor-element elementor-element-7caeba elementor-widget elementor-widget-pix-sliding-text\" data-id=\"7caeba\" data-element_type=\"widget\" data-widget_type=\"pix-sliding-text.default\">\n\t\t\t\t<div class=\"elementor-widget-container\">\n\t\t\t\t\t<div class=\"mb-3 text-left \"><h2 class=\"mb-32 pix-sliding-headline font-weight-bold secondary-font\" data-class=\"text-heading-default\" data-style=\"\">Rolety Materia\u0142owe<\/h2><\/div>\t\t\t\t<\/div>\n\t\t\t\t<\/div>\n\t\t\t\t<div class=\"elementor-element elementor-element-b40538e elementor-invisible elementor-widget elementor-widget-pix-text\" data-id=\"b40538e\" data-element_type=\"widget\" data-widget_type=\"pix-text.default\">\n\t\t\t\t<div class=\"elementor-widget-container\">\n\t\t\t\t\t<div class=\"slide-in-container w-100 text-left \" ><p class=\"text-18 m-0  text-left \" ><span class=\"animate-in d-inline-block\" data-anim-delay=\"900\" data-anim-type=\"fade-in-up\">Charakteryzuj\u0105 si\u0119 prost\u0105 budow\u0105. G\u0142adka tkanina przyklejona jest do aluminiowej rurki. Rolet\u0119 mo\u017cna zamontowa\u0107 do \u015bciany lub sufitu (inwazyjnie).\nIch szczeg\u00f3lny rodzaj, nazywany mini-rolet\u0105, prowadzony jest za pomoc\u0105 systemu \u017cy\u0142kowego, dzi\u0119ki kt\u00f3remu roleta przylega do szyby. Ten typ os\u0142on okiennych montujemy bezinwazyjnie na ramie okna.<\/span><\/p><\/div>\t\t\t\t<\/div>\n\t\t\t\t<\/div>\n\t\t\t\t<div class=\"elementor-element elementor-element-3b18b8b elementor-widget elementor-widget-spacer\" data-id=\"3b18b8b\" data-element_type=\"widget\" data-widget_type=\"spacer.default\">\n\t\t\t\t<div class=\"elementor-widget-container\">\n\t\t\t\t\t\t\t<div class=\"elementor-spacer\">\n\t\t\t<div class=\"elementor-spacer-inner\"><\/div>\n\t\t<\/div>\n\t\t\t\t\t\t<\/div>\n\t\t\t\t<\/div>\n\t\t\t\t\t<\/div>\n\t\t<\/div>\n\t\t\t\t<div class=\"elementor-column elementor-col-50 elementor-top-column elementor-element elementor-element-209999c0\" data-id=\"209999c0\" data-element_type=\"column\">\n\t\t\t<div class=\"elementor-widget-wrap elementor-element-populated\">\n\t\t\t\t\t\t<div class=\"elementor-element elementor-element-76cab90e elementor-invisible elementor-widget elementor-widget-pix-photo-box\" data-id=\"76cab90e\" data-element_type=\"widget\" data-widget_type=\"pix-photo-box.default\">\n\t\t\t\t<div class=\"elementor-widget-container\">\n\t\t\t\t\t<div class=\"animate-in d-inline-block w-100\" data-anim-type=\"fade-in-up\" data-anim-delay=\"0\"><div class=\"card w-100 h-100 bg-heading-default bg-transparent  text-left w-100 d-inline-block pix-hover-item rounded-lg position-relative overflow-hidden text-white  text-left w-100 d-inline-block\" data-anim-type=\"fade-in-up\" data-anim-delay=\"0\" >\n\t\t  <img decoding=\"async\" src=\"https:\/\/roletychojnacki.pl\/wp-content\/plugins\/pixfort-core\/functions\/images\/placeholder.png\" data-srcset=\"https:\/\/roletychojnacki.pl\/wp-content\/uploads\/2020\/12\/rolety-kuchenne-300x165.jpg 300w, https:\/\/roletychojnacki.pl\/wp-content\/uploads\/2020\/12\/rolety-kuchenne.jpg 726w\" data-src=\"https:\/\/roletychojnacki.pl\/wp-content\/uploads\/2020\/12\/rolety-kuchenne.jpg\" class=\"pix-lazy card-img pix-bg-image h-100 pix-img-scale pix-opacity-10 \" loading=\"lazy\" alt=\"...\">\n\t\t  <a href=\"\"  class=\"card-img-overlay2 d-inline-block w-100 pix-img-overlay pix-p-10 d-flex align-items-end\" style=\"min-height:350px;\">\n\t\t  \t<div class=\"w-100\"><\/div><\/a><\/div><\/div>\t\t\t\t<\/div>\n\t\t\t\t<\/div>\n\t\t\t\t<div class=\"elementor-element elementor-element-8120658 elementor-widget elementor-widget-pix-button\" data-id=\"8120658\" data-element_type=\"widget\" data-widget_type=\"pix-button.default\">\n\t\t\t\t<div class=\"elementor-widget-container\">\n\t\t\t\t\t<a href=\"https:\/\/roletychojnacki.pl\/index.php\/kontakt\/\" class=\"btn m-0    btn-yellow d-block w-100  pix-hover-item       animate-in btn-md\"   data-anim-type=\"fade-in-left\" data-anim-delay=\"600\" ><i class=\"font-weight-bold pixicon-email-2  pix-hover-left  mr-1\"><\/i> <span class=\"font-weight-bold \" >Zapytaj o ofert\u0119<\/span><\/a>\t\t\t\t<\/div>\n\t\t\t\t<\/div>\n\t\t\t\t<div class=\"elementor-element elementor-element-751273ee elementor-widget elementor-widget-pix-button\" data-id=\"751273ee\" data-element_type=\"widget\" data-widget_type=\"pix-button.default\">\n\t\t\t\t<div class=\"elementor-widget-container\">\n\t\t\t\t\t<a href=\"callto:+48698850748\" class=\"btn m-0    btn-green d-block w-100  pix-hover-item       animate-in btn-md\"   data-anim-type=\"fade-in-left\" data-anim-delay=\"600\" ><i class=\"font-weight-bold pixicon-smartphone  pix-hover-left  mr-1\"><\/i> <span class=\"font-weight-bold \" >Zadzwo\u0144<\/span><\/a>\t\t\t\t<\/div>\n\t\t\t\t<\/div>\n\t\t\t\t\t<\/div>\n\t\t<\/div>\n\t\t\t\t\t<\/div>\n\t\t<\/section>\n\t\t\t\t<section class=\"elementor-section elementor-top-section elementor-element elementor-element-e51145c elementor-section-boxed elementor-section-height-default elementor-section-height-default\" data-id=\"e51145c\" data-element_type=\"section\">\n\t\t\t\t\t\t<div class=\"elementor-container elementor-column-gap-default\">\n\t\t\t\t\t<div class=\"elementor-column elementor-col-100 elementor-top-column elementor-element elementor-element-3a3198b\" data-id=\"3a3198b\" data-element_type=\"column\">\n\t\t\t<div class=\"elementor-widget-wrap elementor-element-populated\">\n\t\t\t\t\t\t<div class=\"elementor-element elementor-element-1fef758 elementor-widget elementor-widget-spacer\" data-id=\"1fef758\" data-element_type=\"widget\" data-widget_type=\"spacer.default\">\n\t\t\t\t<div class=\"elementor-widget-container\">\n\t\t\t\t\t\t\t<div class=\"elementor-spacer\">\n\t\t\t<div class=\"elementor-spacer-inner\"><\/div>\n\t\t<\/div>\n\t\t\t\t\t\t<\/div>\n\t\t\t\t<\/div>\n\t\t\t\t\t<\/div>\n\t\t<\/div>\n\t\t\t\t\t<\/div>\n\t\t<\/section>\n\t\t\t\t<\/div>\n\t\t","protected":false},"excerpt":{"rendered":"<p>Rolety Materia\u0142owe Rolety Materia\u0142owe Charakteryzuj\u0105 si\u0119 prost\u0105 budow\u0105. G\u0142adka tkanina przyklejona jest do aluminiowej rurki. Rolet\u0119 mo\u017cna zamontowa\u0107 do \u015bciany lub sufitu (inwazyjnie). Ich szczeg\u00f3lny rodzaj, nazywany mini-rolet\u0105, prowadzony jest za pomoc\u0105 systemu \u017cy\u0142kowego, dzi\u0119ki kt\u00f3remu roleta przylega do szyby&#8230;.<\/p>\n","protected":false},"author":3,"featured_media":0,"parent":0,"menu_order":0,"comment_status":"closed","ping_status":"closed","template":"","meta":{"footnotes":""},"class_list":["post-13641","page","type-page","status-publish","hentry"],"_links":{"self":[{"href":"https:\/\/roletychojnacki.pl\/index.php\/wp-json\/wp\/v2\/pages\/13641","targetHints":{"allow":["GET"]}}],"collection":[{"href":"https:\/\/roletychojnacki.pl\/index.php\/wp-json\/wp\/v2\/pages"}],"about":[{"href":"https:\/\/roletychojnacki.pl\/index.php\/wp-json\/wp\/v2\/types\/page"}],"author":[{"embeddable":true,"href":"https:\/\/roletychojnacki.pl\/index.php\/wp-json\/wp\/v2\/users\/3"}],"replies":[{"embeddable":true,"href":"https:\/\/roletychojnacki.pl\/index.php\/wp-json\/wp\/v2\/comments?post=13641"}],"version-history":[{"count":9,"href":"https:\/\/roletychojnacki.pl\/index.php\/wp-json\/wp\/v2\/pages\/13641\/revisions"}],"predecessor-version":[{"id":14262,"href":"https:\/\/roletychojnacki.pl\/index.php\/wp-json\/wp\/v2\/pages\/13641\/revisions\/14262"}],"wp:attachment":[{"href":"https:\/\/roletychojnacki.pl\/index.php\/wp-json\/wp\/v2\/media?parent=13641"}],"curies":[{"name":"wp","href":"https:\/\/api.w.org\/{rel}","templated":true}]}}