{"id":13644,"date":"2020-10-24T16:56:00","date_gmt":"2020-10-24T14:56:00","guid":{"rendered":"https:\/\/hushaus.pl\/?page_id=13644"},"modified":"2024-08-19T16:28:59","modified_gmt":"2024-08-19T14:28:59","slug":"rolety-rzymskie-3","status":"publish","type":"page","link":"https:\/\/roletychojnacki.pl\/index.php\/rolety-rzymskie-3\/","title":{"rendered":"Rolety Rzymskie"},"content":{"rendered":"\t\t<div data-elementor-type=\"wp-page\" data-elementor-id=\"13644\" class=\"elementor elementor-13644\" data-elementor-post-type=\"page\">\n\t\t\t\t\t\t<section class=\"elementor-section elementor-top-section elementor-element elementor-element-f71f5db elementor-section-boxed elementor-section-height-default elementor-section-height-default\" data-id=\"f71f5db\" data-element_type=\"section\">\n\t\t\t\t\t\t<div class=\"elementor-container elementor-column-gap-default\">\n\t\t\t\t\t<div class=\"elementor-column elementor-col-100 elementor-top-column elementor-element elementor-element-2946b66\" data-id=\"2946b66\" data-element_type=\"column\">\n\t\t\t<div class=\"elementor-widget-wrap elementor-element-populated\">\n\t\t\t\t\t\t<div class=\"elementor-element elementor-element-eba6026 elementor-widget elementor-widget-pix-badge\" data-id=\"eba6026\" data-element_type=\"widget\" data-widget_type=\"pix-badge.default\">\n\t\t\t\t<div class=\"elementor-widget-container\">\n\t\t\t\t\t<h6 class=\"d-inline-block mr-1 \"  ><span class=\"badge font-weight-bold bg-yellow  \" style=\" \"><span class=\"text-white\" style=\"\">Rolety Rzymskie<\/span><\/span><\/h6>\t\t\t\t<\/div>\n\t\t\t\t<\/div>\n\t\t\t\t\t<\/div>\n\t\t<\/div>\n\t\t\t\t\t<\/div>\n\t\t<\/section>\n\t\t\t\t<section class=\"elementor-section elementor-top-section elementor-element elementor-element-76eac6ab elementor-section-stretched elementor-section-boxed elementor-section-height-default elementor-section-height-default\" data-id=\"76eac6ab\" data-element_type=\"section\" data-settings=\"{&quot;stretch_section&quot;:&quot;section-stretched&quot;,&quot;background_background&quot;:&quot;classic&quot;}\">\n\t\t\t\t\t\t<div class=\"elementor-container elementor-column-gap-default\">\n\t\t\t\t\t<div class=\"elementor-column elementor-col-50 elementor-top-column elementor-element elementor-element-21e7fdc9\" data-id=\"21e7fdc9\" data-element_type=\"column\">\n\t\t\t<div class=\"elementor-widget-wrap elementor-element-populated\">\n\t\t\t\t\t\t<div class=\"elementor-element elementor-element-5a1d5a85 elementor-widget elementor-widget-pix-sliding-text\" data-id=\"5a1d5a85\" data-element_type=\"widget\" data-widget_type=\"pix-sliding-text.default\">\n\t\t\t\t<div class=\"elementor-widget-container\">\n\t\t\t\t\t<div class=\"mb-3 text-left \"><h2 class=\"mb-32 pix-sliding-headline font-weight-bold secondary-font\" data-class=\"text-heading-default\" data-style=\"\">Rolety Rzymskie<\/h2><\/div>\t\t\t\t<\/div>\n\t\t\t\t<\/div>\n\t\t\t\t<div class=\"elementor-element elementor-element-5df92940 elementor-invisible elementor-widget elementor-widget-pix-text\" data-id=\"5df92940\" data-element_type=\"widget\" data-widget_type=\"pix-text.default\">\n\t\t\t\t<div class=\"elementor-widget-container\">\n\t\t\t\t\t<div class=\"slide-in-container w-100 text-left \" ><p class=\"text-18 m-0  text-left \" ><span class=\"animate-in d-inline-block\" data-anim-delay=\"900\" data-anim-type=\"fade-in-up\">\u0141\u0105cz\u0105 funkcjonalno\u015b\u0107 rolet klasycznych z charakterem zas\u0142on. Tkanina sterowana jest mechanizmem sznurkowym lub koralikowym. Gdy jest podnoszona marszczy si\u0119 w efektywne fa\u0142dy. Taka roleta sprawdzi si\u0119 w ka\u017cdym wn\u0119trzu. Montowana jest inwazyjnie do \u015bciany lub sufitu, bezinwazyjnie do ramy okna. <\/span><\/p><\/div>\t\t\t\t<\/div>\n\t\t\t\t<\/div>\n\t\t\t\t<div class=\"elementor-element elementor-element-7fb5e4c8 elementor-widget elementor-widget-spacer\" data-id=\"7fb5e4c8\" data-element_type=\"widget\" data-widget_type=\"spacer.default\">\n\t\t\t\t<div class=\"elementor-widget-container\">\n\t\t\t\t\t\t\t<div class=\"elementor-spacer\">\n\t\t\t<div class=\"elementor-spacer-inner\"><\/div>\n\t\t<\/div>\n\t\t\t\t\t\t<\/div>\n\t\t\t\t<\/div>\n\t\t\t\t\t<\/div>\n\t\t<\/div>\n\t\t\t\t<div class=\"elementor-column elementor-col-50 elementor-top-column elementor-element elementor-element-2e5c3c8a\" data-id=\"2e5c3c8a\" data-element_type=\"column\">\n\t\t\t<div class=\"elementor-widget-wrap elementor-element-populated\">\n\t\t\t\t\t\t<div class=\"elementor-element elementor-element-5aa1b0d7 elementor-invisible elementor-widget elementor-widget-pix-photo-box\" data-id=\"5aa1b0d7\" data-element_type=\"widget\" data-widget_type=\"pix-photo-box.default\">\n\t\t\t\t<div class=\"elementor-widget-container\">\n\t\t\t\t\t<div class=\"animate-in d-inline-block w-100\" data-anim-type=\"fade-in-up\" data-anim-delay=\"0\"><div class=\"card w-100 h-100 bg-heading-default bg-transparent  text-left w-100 d-inline-block pix-hover-item rounded-lg position-relative overflow-hidden text-white  text-left w-100 d-inline-block\" data-anim-type=\"fade-in-up\" data-anim-delay=\"0\" >\n\t\t  <img decoding=\"async\" src=\"https:\/\/roletychojnacki.pl\/wp-content\/plugins\/pixfort-core\/functions\/images\/placeholder.png\" data-srcset=\"https:\/\/roletychojnacki.pl\/wp-content\/uploads\/2020\/11\/rolety-800x445-1-300x167.jpg 300w, https:\/\/roletychojnacki.pl\/wp-content\/uploads\/2020\/11\/rolety-800x445-1-768x427.jpg 768w, https:\/\/roletychojnacki.pl\/wp-content\/uploads\/2020\/11\/rolety-800x445-1.jpg 800w\" data-src=\"https:\/\/roletychojnacki.pl\/wp-content\/uploads\/2020\/11\/rolety-800x445-1.jpg\" class=\"pix-lazy card-img pix-bg-image h-100 pix-img-scale pix-opacity-10 \" loading=\"lazy\" alt=\"...\">\n\t\t  <a href=\"\"  class=\"card-img-overlay2 d-inline-block w-100 pix-img-overlay pix-p-10 d-flex align-items-end\" style=\"min-height:350px;\">\n\t\t  \t<div class=\"w-100\"><\/div><\/a><\/div><\/div>\t\t\t\t<\/div>\n\t\t\t\t<\/div>\n\t\t\t\t<div class=\"elementor-element elementor-element-3054be3b elementor-widget elementor-widget-pix-button\" data-id=\"3054be3b\" data-element_type=\"widget\" data-widget_type=\"pix-button.default\">\n\t\t\t\t<div class=\"elementor-widget-container\">\n\t\t\t\t\t<a href=\"https:\/\/roletychojnacki.pl\/index.php\/kontakt\/\" class=\"btn m-0    btn-yellow d-block w-100  pix-hover-item       animate-in btn-md\"   data-anim-type=\"fade-in-left\" data-anim-delay=\"600\" ><i class=\"font-weight-bold pixicon-email-2  pix-hover-left  mr-1\"><\/i> <span class=\"font-weight-bold \" >Zapytaj o ofert\u0119<\/span><\/a>\t\t\t\t<\/div>\n\t\t\t\t<\/div>\n\t\t\t\t<div class=\"elementor-element elementor-element-613a8df3 elementor-widget elementor-widget-pix-button\" data-id=\"613a8df3\" data-element_type=\"widget\" data-widget_type=\"pix-button.default\">\n\t\t\t\t<div class=\"elementor-widget-container\">\n\t\t\t\t\t<a href=\"callto:+48698850748\" class=\"btn m-0    btn-green d-block w-100  pix-hover-item       animate-in btn-md\"   data-anim-type=\"fade-in-left\" data-anim-delay=\"600\" ><i class=\"font-weight-bold pixicon-smartphone  pix-hover-left  mr-1\"><\/i> <span class=\"font-weight-bold \" >Zadzwo\u0144<\/span><\/a>\t\t\t\t<\/div>\n\t\t\t\t<\/div>\n\t\t\t\t\t<\/div>\n\t\t<\/div>\n\t\t\t\t\t<\/div>\n\t\t<\/section>\n\t\t\t\t<section class=\"elementor-section elementor-top-section elementor-element elementor-element-02b606f elementor-section-boxed elementor-section-height-default elementor-section-height-default\" data-id=\"02b606f\" data-element_type=\"section\">\n\t\t\t\t\t\t<div class=\"elementor-container elementor-column-gap-default\">\n\t\t\t\t\t<div class=\"elementor-column elementor-col-100 elementor-top-column elementor-element elementor-element-1e9209b\" data-id=\"1e9209b\" data-element_type=\"column\">\n\t\t\t<div class=\"elementor-widget-wrap elementor-element-populated\">\n\t\t\t\t\t\t<div class=\"elementor-element elementor-element-121d401 elementor-widget elementor-widget-spacer\" data-id=\"121d401\" data-element_type=\"widget\" data-widget_type=\"spacer.default\">\n\t\t\t\t<div class=\"elementor-widget-container\">\n\t\t\t\t\t\t\t<div class=\"elementor-spacer\">\n\t\t\t<div class=\"elementor-spacer-inner\"><\/div>\n\t\t<\/div>\n\t\t\t\t\t\t<\/div>\n\t\t\t\t<\/div>\n\t\t\t\t\t<\/div>\n\t\t<\/div>\n\t\t\t\t\t<\/div>\n\t\t<\/section>\n\t\t\t\t<\/div>\n\t\t","protected":false},"excerpt":{"rendered":"<p>Rolety Rzymskie Rolety Rzymskie \u0141\u0105cz\u0105 funkcjonalno\u015b\u0107 rolet klasycznych z charakterem zas\u0142on. Tkanina sterowana jest mechanizmem sznurkowym lub koralikowym. Gdy jest podnoszona marszczy si\u0119 w efektywne fa\u0142dy. Taka roleta sprawdzi si\u0119 w ka\u017cdym wn\u0119trzu. Montowana jest inwazyjnie do \u015bciany lub sufitu,&#8230;<\/p>\n","protected":false},"author":3,"featured_media":0,"parent":0,"menu_order":0,"comment_status":"closed","ping_status":"closed","template":"","meta":{"footnotes":""},"class_list":["post-13644","page","type-page","status-publish","hentry"],"_links":{"self":[{"href":"https:\/\/roletychojnacki.pl\/index.php\/wp-json\/wp\/v2\/pages\/13644","targetHints":{"allow":["GET"]}}],"collection":[{"href":"https:\/\/roletychojnacki.pl\/index.php\/wp-json\/wp\/v2\/pages"}],"about":[{"href":"https:\/\/roletychojnacki.pl\/index.php\/wp-json\/wp\/v2\/types\/page"}],"author":[{"embeddable":true,"href":"https:\/\/roletychojnacki.pl\/index.php\/wp-json\/wp\/v2\/users\/3"}],"replies":[{"embeddable":true,"href":"https:\/\/roletychojnacki.pl\/index.php\/wp-json\/wp\/v2\/comments?post=13644"}],"version-history":[{"count":8,"href":"https:\/\/roletychojnacki.pl\/index.php\/wp-json\/wp\/v2\/pages\/13644\/revisions"}],"predecessor-version":[{"id":14256,"href":"https:\/\/roletychojnacki.pl\/index.php\/wp-json\/wp\/v2\/pages\/13644\/revisions\/14256"}],"wp:attachment":[{"href":"https:\/\/roletychojnacki.pl\/index.php\/wp-json\/wp\/v2\/media?parent=13644"}],"curies":[{"name":"wp","href":"https:\/\/api.w.org\/{rel}","templated":true}]}}