{"id":13647,"date":"2020-10-24T16:57:35","date_gmt":"2020-10-24T14:57:35","guid":{"rendered":"https:\/\/hushaus.pl\/?page_id=13647"},"modified":"2024-08-19T16:27:18","modified_gmt":"2024-08-19T14:27:18","slug":"rolety-dachowe","status":"publish","type":"page","link":"https:\/\/roletychojnacki.pl\/index.php\/rolety-dachowe\/","title":{"rendered":"Rolety Dachowe"},"content":{"rendered":"\t\t<div data-elementor-type=\"wp-page\" data-elementor-id=\"13647\" class=\"elementor elementor-13647\" data-elementor-post-type=\"page\">\n\t\t\t\t\t\t<section class=\"elementor-section elementor-top-section elementor-element elementor-element-c857760 elementor-section-boxed elementor-section-height-default elementor-section-height-default\" data-id=\"c857760\" data-element_type=\"section\">\n\t\t\t\t\t\t<div class=\"elementor-container elementor-column-gap-default\">\n\t\t\t\t\t<div class=\"elementor-column elementor-col-100 elementor-top-column elementor-element elementor-element-817ca1f\" data-id=\"817ca1f\" data-element_type=\"column\">\n\t\t\t<div class=\"elementor-widget-wrap elementor-element-populated\">\n\t\t\t\t\t\t<div class=\"elementor-element elementor-element-55cd583 elementor-widget elementor-widget-pix-badge\" data-id=\"55cd583\" data-element_type=\"widget\" data-widget_type=\"pix-badge.default\">\n\t\t\t\t<div class=\"elementor-widget-container\">\n\t\t\t\t\t<h6 class=\"d-inline-block mr-1 \"  ><span class=\"badge font-weight-bold bg-yellow  \" style=\" \"><span class=\"text-white\" style=\"\">Rolety Dachowe<\/span><\/span><\/h6>\t\t\t\t<\/div>\n\t\t\t\t<\/div>\n\t\t\t\t\t<\/div>\n\t\t<\/div>\n\t\t\t\t\t<\/div>\n\t\t<\/section>\n\t\t\t\t<section class=\"elementor-section elementor-top-section elementor-element elementor-element-64951d5b elementor-section-stretched elementor-section-boxed elementor-section-height-default elementor-section-height-default\" data-id=\"64951d5b\" data-element_type=\"section\" data-settings=\"{&quot;stretch_section&quot;:&quot;section-stretched&quot;,&quot;background_background&quot;:&quot;classic&quot;}\">\n\t\t\t\t\t\t<div class=\"elementor-container elementor-column-gap-default\">\n\t\t\t\t\t<div class=\"elementor-column elementor-col-50 elementor-top-column elementor-element elementor-element-21f15f21\" data-id=\"21f15f21\" data-element_type=\"column\">\n\t\t\t<div class=\"elementor-widget-wrap elementor-element-populated\">\n\t\t\t\t\t\t<div class=\"elementor-element elementor-element-4d0f9738 elementor-widget elementor-widget-pix-sliding-text\" data-id=\"4d0f9738\" data-element_type=\"widget\" data-widget_type=\"pix-sliding-text.default\">\n\t\t\t\t<div class=\"elementor-widget-container\">\n\t\t\t\t\t<div class=\"mb-3 text-left \"><h2 class=\"mb-32 pix-sliding-headline font-weight-bold secondary-font\" data-class=\"text-heading-default\" data-style=\"\">Rolety Dachowe<\/h2><\/div>\t\t\t\t<\/div>\n\t\t\t\t<\/div>\n\t\t\t\t<div class=\"elementor-element elementor-element-3cc50b4a elementor-invisible elementor-widget elementor-widget-pix-text\" data-id=\"3cc50b4a\" data-element_type=\"widget\" data-widget_type=\"pix-text.default\">\n\t\t\t\t<div class=\"elementor-widget-container\">\n\t\t\t\t\t<div class=\"slide-in-container w-100 text-left \" ><p class=\"text-18 m-0  text-left \" ><span class=\"animate-in d-inline-block\" data-anim-delay=\"900\" data-anim-type=\"fade-in-up\">Rolety dachowe doskonale sprawdz\u0105 si\u0119 w u\u017cytkowym pomieszczeniu na poddaszu do kt\u00f3rego dociera za du\u017co \u015bwiat\u0142a.<\/span><\/p><\/div>\t\t\t\t<\/div>\n\t\t\t\t<\/div>\n\t\t\t\t<div class=\"elementor-element elementor-element-5002d72b elementor-widget elementor-widget-spacer\" data-id=\"5002d72b\" data-element_type=\"widget\" data-widget_type=\"spacer.default\">\n\t\t\t\t<div class=\"elementor-widget-container\">\n\t\t\t\t\t\t\t<div class=\"elementor-spacer\">\n\t\t\t<div class=\"elementor-spacer-inner\"><\/div>\n\t\t<\/div>\n\t\t\t\t\t\t<\/div>\n\t\t\t\t<\/div>\n\t\t\t\t\t<\/div>\n\t\t<\/div>\n\t\t\t\t<div class=\"elementor-column elementor-col-50 elementor-top-column elementor-element elementor-element-9870667\" data-id=\"9870667\" data-element_type=\"column\">\n\t\t\t<div class=\"elementor-widget-wrap elementor-element-populated\">\n\t\t\t\t\t\t<div class=\"elementor-element elementor-element-505a5ad2 elementor-invisible elementor-widget elementor-widget-pix-photo-box\" data-id=\"505a5ad2\" data-element_type=\"widget\" data-widget_type=\"pix-photo-box.default\">\n\t\t\t\t<div class=\"elementor-widget-container\">\n\t\t\t\t\t<div class=\"animate-in d-inline-block w-100\" data-anim-type=\"fade-in-up\" data-anim-delay=\"0\"><div class=\"card w-100 h-100 bg-heading-default bg-transparent  text-left w-100 d-inline-block pix-hover-item rounded-lg position-relative overflow-hidden text-white  text-left w-100 d-inline-block\" data-anim-type=\"fade-in-up\" data-anim-delay=\"0\" >\n\t\t  <img decoding=\"async\" src=\"https:\/\/roletychojnacki.pl\/wp-content\/plugins\/pixfort-core\/functions\/images\/placeholder.png\" data-srcset=\"https:\/\/roletychojnacki.pl\/wp-content\/uploads\/2020\/11\/rolety_dachowe-300x167.jpg 300w, https:\/\/roletychojnacki.pl\/wp-content\/uploads\/2020\/11\/rolety_dachowe.jpg 630w\" data-src=\"https:\/\/roletychojnacki.pl\/wp-content\/uploads\/2020\/11\/rolety_dachowe.jpg\" class=\"pix-lazy card-img pix-bg-image h-100 pix-img-scale pix-opacity-10 \" loading=\"lazy\" alt=\"...\">\n\t\t  <a href=\"\"  class=\"card-img-overlay2 d-inline-block w-100 pix-img-overlay pix-p-10 d-flex align-items-end\" style=\"min-height:350px;\">\n\t\t  \t<div class=\"w-100\"><\/div><\/a><\/div><\/div>\t\t\t\t<\/div>\n\t\t\t\t<\/div>\n\t\t\t\t<div class=\"elementor-element elementor-element-1432e836 elementor-widget elementor-widget-pix-button\" data-id=\"1432e836\" data-element_type=\"widget\" data-widget_type=\"pix-button.default\">\n\t\t\t\t<div class=\"elementor-widget-container\">\n\t\t\t\t\t<a href=\"https:\/\/roletychojnacki.pl\/index.php\/kontakt\/\" class=\"btn m-0    btn-yellow d-block w-100  pix-hover-item       animate-in btn-md\"   data-anim-type=\"fade-in-left\" data-anim-delay=\"600\" ><i class=\"font-weight-bold pixicon-email-2  pix-hover-left  mr-1\"><\/i> <span class=\"font-weight-bold \" >Zapytaj o ofert\u0119<\/span><\/a>\t\t\t\t<\/div>\n\t\t\t\t<\/div>\n\t\t\t\t<div class=\"elementor-element elementor-element-1270fd80 elementor-widget elementor-widget-pix-button\" data-id=\"1270fd80\" data-element_type=\"widget\" data-widget_type=\"pix-button.default\">\n\t\t\t\t<div class=\"elementor-widget-container\">\n\t\t\t\t\t<a href=\"callto:+48698850748\" class=\"btn m-0    btn-green d-block w-100  pix-hover-item       animate-in btn-md\"   data-anim-type=\"fade-in-left\" data-anim-delay=\"600\" ><i class=\"font-weight-bold pixicon-smartphone  pix-hover-left  mr-1\"><\/i> <span class=\"font-weight-bold \" >Zadzwo\u0144<\/span><\/a>\t\t\t\t<\/div>\n\t\t\t\t<\/div>\n\t\t\t\t\t<\/div>\n\t\t<\/div>\n\t\t\t\t\t<\/div>\n\t\t<\/section>\n\t\t\t\t<section class=\"elementor-section elementor-top-section elementor-element elementor-element-296f28c elementor-section-boxed elementor-section-height-default elementor-section-height-default\" data-id=\"296f28c\" data-element_type=\"section\">\n\t\t\t\t\t\t<div class=\"elementor-container elementor-column-gap-default\">\n\t\t\t\t\t<div class=\"elementor-column elementor-col-100 elementor-top-column elementor-element elementor-element-a545e44\" data-id=\"a545e44\" data-element_type=\"column\">\n\t\t\t<div class=\"elementor-widget-wrap elementor-element-populated\">\n\t\t\t\t\t\t<div class=\"elementor-element elementor-element-9e23292 elementor-widget elementor-widget-spacer\" data-id=\"9e23292\" data-element_type=\"widget\" data-widget_type=\"spacer.default\">\n\t\t\t\t<div class=\"elementor-widget-container\">\n\t\t\t\t\t\t\t<div class=\"elementor-spacer\">\n\t\t\t<div class=\"elementor-spacer-inner\"><\/div>\n\t\t<\/div>\n\t\t\t\t\t\t<\/div>\n\t\t\t\t<\/div>\n\t\t\t\t\t<\/div>\n\t\t<\/div>\n\t\t\t\t\t<\/div>\n\t\t<\/section>\n\t\t\t\t<\/div>\n\t\t","protected":false},"excerpt":{"rendered":"<p>Rolety Dachowe Rolety Dachowe Rolety dachowe doskonale sprawdz\u0105 si\u0119 w u\u017cytkowym pomieszczeniu na poddaszu do kt\u00f3rego dociera za du\u017co \u015bwiat\u0142a. Zapytaj o ofert\u0119 Zadzwo\u0144<\/p>\n","protected":false},"author":3,"featured_media":0,"parent":0,"menu_order":0,"comment_status":"closed","ping_status":"closed","template":"","meta":{"footnotes":""},"class_list":["post-13647","page","type-page","status-publish","hentry"],"_links":{"self":[{"href":"https:\/\/roletychojnacki.pl\/index.php\/wp-json\/wp\/v2\/pages\/13647","targetHints":{"allow":["GET"]}}],"collection":[{"href":"https:\/\/roletychojnacki.pl\/index.php\/wp-json\/wp\/v2\/pages"}],"about":[{"href":"https:\/\/roletychojnacki.pl\/index.php\/wp-json\/wp\/v2\/types\/page"}],"author":[{"embeddable":true,"href":"https:\/\/roletychojnacki.pl\/index.php\/wp-json\/wp\/v2\/users\/3"}],"replies":[{"embeddable":true,"href":"https:\/\/roletychojnacki.pl\/index.php\/wp-json\/wp\/v2\/comments?post=13647"}],"version-history":[{"count":11,"href":"https:\/\/roletychojnacki.pl\/index.php\/wp-json\/wp\/v2\/pages\/13647\/revisions"}],"predecessor-version":[{"id":14253,"href":"https:\/\/roletychojnacki.pl\/index.php\/wp-json\/wp\/v2\/pages\/13647\/revisions\/14253"}],"wp:attachment":[{"href":"https:\/\/roletychojnacki.pl\/index.php\/wp-json\/wp\/v2\/media?parent=13647"}],"curies":[{"name":"wp","href":"https:\/\/api.w.org\/{rel}","templated":true}]}}