{"id":13653,"date":"2020-10-24T17:02:05","date_gmt":"2020-10-24T15:02:05","guid":{"rendered":"https:\/\/hushaus.pl\/?page_id=13653"},"modified":"2024-08-19T16:30:56","modified_gmt":"2024-08-19T14:30:56","slug":"plisy-3","status":"publish","type":"page","link":"https:\/\/roletychojnacki.pl\/index.php\/plisy-3\/","title":{"rendered":"Plisy"},"content":{"rendered":"\t\t<div data-elementor-type=\"wp-page\" data-elementor-id=\"13653\" class=\"elementor elementor-13653\" data-elementor-post-type=\"page\">\n\t\t\t\t\t\t<section class=\"elementor-section elementor-top-section elementor-element elementor-element-fdcd737 elementor-section-boxed elementor-section-height-default elementor-section-height-default\" data-id=\"fdcd737\" data-element_type=\"section\">\n\t\t\t\t\t\t<div class=\"elementor-container elementor-column-gap-default\">\n\t\t\t\t\t<div class=\"elementor-column elementor-col-100 elementor-top-column elementor-element elementor-element-ee82936\" data-id=\"ee82936\" data-element_type=\"column\">\n\t\t\t<div class=\"elementor-widget-wrap elementor-element-populated\">\n\t\t\t\t\t\t<div class=\"elementor-element elementor-element-137a380 elementor-widget elementor-widget-pix-badge\" data-id=\"137a380\" data-element_type=\"widget\" data-widget_type=\"pix-badge.default\">\n\t\t\t\t<div class=\"elementor-widget-container\">\n\t\t\t\t\t<h6 class=\"d-inline-block mr-1 \"  ><span class=\"badge font-weight-bold bg-yellow  \" style=\" \"><span class=\"text-white\" style=\"\">Plisy<\/span><\/span><\/h6>\t\t\t\t<\/div>\n\t\t\t\t<\/div>\n\t\t\t\t\t<\/div>\n\t\t<\/div>\n\t\t\t\t\t<\/div>\n\t\t<\/section>\n\t\t\t\t<section class=\"elementor-section elementor-top-section elementor-element elementor-element-2a8bc7af elementor-section-stretched elementor-section-boxed elementor-section-height-default elementor-section-height-default\" data-id=\"2a8bc7af\" data-element_type=\"section\" data-settings=\"{&quot;stretch_section&quot;:&quot;section-stretched&quot;,&quot;background_background&quot;:&quot;classic&quot;}\">\n\t\t\t\t\t\t<div class=\"elementor-container elementor-column-gap-default\">\n\t\t\t\t\t<div class=\"elementor-column elementor-col-50 elementor-top-column elementor-element elementor-element-a63eaf8\" data-id=\"a63eaf8\" data-element_type=\"column\">\n\t\t\t<div class=\"elementor-widget-wrap elementor-element-populated\">\n\t\t\t\t\t\t<div class=\"elementor-element elementor-element-16d76193 elementor-widget elementor-widget-pix-sliding-text\" data-id=\"16d76193\" data-element_type=\"widget\" data-widget_type=\"pix-sliding-text.default\">\n\t\t\t\t<div class=\"elementor-widget-container\">\n\t\t\t\t\t<div class=\"mb-3 text-left \"><h2 class=\"mb-32 pix-sliding-headline font-weight-bold secondary-font\" data-class=\"text-heading-default\" data-style=\"\">Rolety Plisowane<\/h2><\/div>\t\t\t\t<\/div>\n\t\t\t\t<\/div>\n\t\t\t\t<div class=\"elementor-element elementor-element-43131d86 elementor-invisible elementor-widget elementor-widget-pix-text\" data-id=\"43131d86\" data-element_type=\"widget\" data-widget_type=\"pix-text.default\">\n\t\t\t\t<div class=\"elementor-widget-container\">\n\t\t\t\t\t<div class=\"slide-in-container w-100 text-left \" ><p class=\"text-18 m-0  text-left \" ><span class=\"animate-in d-inline-block\" data-anim-delay=\"900\" data-anim-type=\"fade-in-up\">Wyj\u0105tkowo funkcjonalny typ os\u0142on okiennych. Harmonijkowa struktura prezentuje si\u0119 estetycznie i elegancko. Tkanina bardzo \u0142atwo utrzymuje si\u0119 w czysto\u015bci. Mechanizm regulacji rolety pozwala na podnoszenie lub opuszczenie od g\u00f3ry i do\u0142u. Dzi\u0119ki temu mo\u017cemy decydowa\u0107, kt\u00f3r\u0105 parti\u0119 okna chcemy zas\u0142oni\u0107.<\/span><\/p><\/div>\t\t\t\t<\/div>\n\t\t\t\t<\/div>\n\t\t\t\t<div class=\"elementor-element elementor-element-223af0bb elementor-widget elementor-widget-spacer\" data-id=\"223af0bb\" data-element_type=\"widget\" data-widget_type=\"spacer.default\">\n\t\t\t\t<div class=\"elementor-widget-container\">\n\t\t\t\t\t\t\t<div class=\"elementor-spacer\">\n\t\t\t<div class=\"elementor-spacer-inner\"><\/div>\n\t\t<\/div>\n\t\t\t\t\t\t<\/div>\n\t\t\t\t<\/div>\n\t\t\t\t\t<\/div>\n\t\t<\/div>\n\t\t\t\t<div class=\"elementor-column elementor-col-50 elementor-top-column elementor-element elementor-element-1d9a3fcb\" data-id=\"1d9a3fcb\" data-element_type=\"column\">\n\t\t\t<div class=\"elementor-widget-wrap elementor-element-populated\">\n\t\t\t\t\t\t<div class=\"elementor-element elementor-element-72bebe38 elementor-invisible elementor-widget elementor-widget-pix-photo-box\" data-id=\"72bebe38\" data-element_type=\"widget\" data-widget_type=\"pix-photo-box.default\">\n\t\t\t\t<div class=\"elementor-widget-container\">\n\t\t\t\t\t<div class=\"animate-in d-inline-block w-100\" data-anim-type=\"fade-in-up\" data-anim-delay=\"0\"><div class=\"card w-100 h-100 bg-heading-default bg-transparent  text-left w-100 d-inline-block pix-hover-item rounded-lg position-relative overflow-hidden text-white  text-left w-100 d-inline-block\" data-anim-type=\"fade-in-up\" data-anim-delay=\"0\" >\n\t\t  <img decoding=\"async\" src=\"https:\/\/roletychojnacki.pl\/wp-content\/plugins\/pixfort-core\/functions\/images\/placeholder.png\" data-srcset=\"https:\/\/roletychojnacki.pl\/wp-content\/uploads\/2020\/11\/plisy-1-e1606405112517-300x217.jpg 300w, https:\/\/roletychojnacki.pl\/wp-content\/uploads\/2020\/11\/plisy-1-e1606405112517-768x556.jpg 768w, https:\/\/roletychojnacki.pl\/wp-content\/uploads\/2020\/11\/plisy-1-e1606405112517.jpg 829w\" data-src=\"https:\/\/roletychojnacki.pl\/wp-content\/uploads\/2020\/11\/plisy-1-e1606405112517.jpg\" class=\"pix-lazy card-img pix-bg-image h-100 pix-img-scale pix-opacity-10 \" loading=\"lazy\" alt=\"...\">\n\t\t  <a href=\"\"  class=\"card-img-overlay2 d-inline-block w-100 pix-img-overlay pix-p-10 d-flex align-items-end\" style=\"min-height:350px;\">\n\t\t  \t<div class=\"w-100\"><\/div><\/a><\/div><\/div>\t\t\t\t<\/div>\n\t\t\t\t<\/div>\n\t\t\t\t<div class=\"elementor-element elementor-element-636dee97 elementor-widget elementor-widget-pix-button\" data-id=\"636dee97\" data-element_type=\"widget\" data-widget_type=\"pix-button.default\">\n\t\t\t\t<div class=\"elementor-widget-container\">\n\t\t\t\t\t<a href=\"https:\/\/roletychojnacki.pl\/index.php\/kontakt\/\" class=\"btn m-0    btn-yellow d-block w-100  pix-hover-item       animate-in btn-md\"   data-anim-type=\"fade-in-left\" data-anim-delay=\"600\" ><i class=\"font-weight-bold pixicon-email-2  pix-hover-left  mr-1\"><\/i> <span class=\"font-weight-bold \" >Zapytaj o ofert\u0119<\/span><\/a>\t\t\t\t<\/div>\n\t\t\t\t<\/div>\n\t\t\t\t<div class=\"elementor-element elementor-element-74a8b7cd elementor-widget elementor-widget-pix-button\" data-id=\"74a8b7cd\" data-element_type=\"widget\" data-widget_type=\"pix-button.default\">\n\t\t\t\t<div class=\"elementor-widget-container\">\n\t\t\t\t\t<a href=\"callto:+48698850748\" class=\"btn m-0    btn-green d-block w-100  pix-hover-item       animate-in btn-md\"   data-anim-type=\"fade-in-left\" data-anim-delay=\"600\" ><i class=\"font-weight-bold pixicon-smartphone  pix-hover-left  mr-1\"><\/i> <span class=\"font-weight-bold \" >Zadzwo\u0144<\/span><\/a>\t\t\t\t<\/div>\n\t\t\t\t<\/div>\n\t\t\t\t\t<\/div>\n\t\t<\/div>\n\t\t\t\t\t<\/div>\n\t\t<\/section>\n\t\t\t\t<section class=\"elementor-section elementor-top-section elementor-element elementor-element-4a30654 elementor-section-boxed elementor-section-height-default elementor-section-height-default\" data-id=\"4a30654\" data-element_type=\"section\">\n\t\t\t\t\t\t<div class=\"elementor-container elementor-column-gap-default\">\n\t\t\t\t\t<div class=\"elementor-column elementor-col-100 elementor-top-column elementor-element elementor-element-4b05e10\" data-id=\"4b05e10\" data-element_type=\"column\">\n\t\t\t<div class=\"elementor-widget-wrap elementor-element-populated\">\n\t\t\t\t\t\t<div class=\"elementor-element elementor-element-3344d46 elementor-widget elementor-widget-spacer\" data-id=\"3344d46\" data-element_type=\"widget\" data-widget_type=\"spacer.default\">\n\t\t\t\t<div class=\"elementor-widget-container\">\n\t\t\t\t\t\t\t<div class=\"elementor-spacer\">\n\t\t\t<div class=\"elementor-spacer-inner\"><\/div>\n\t\t<\/div>\n\t\t\t\t\t\t<\/div>\n\t\t\t\t<\/div>\n\t\t\t\t\t<\/div>\n\t\t<\/div>\n\t\t\t\t\t<\/div>\n\t\t<\/section>\n\t\t\t\t<\/div>\n\t\t","protected":false},"excerpt":{"rendered":"<p>Plisy Rolety Plisowane Wyj\u0105tkowo funkcjonalny typ os\u0142on okiennych. Harmonijkowa struktura prezentuje si\u0119 estetycznie i elegancko. Tkanina bardzo \u0142atwo utrzymuje si\u0119 w czysto\u015bci. Mechanizm regulacji rolety pozwala na podnoszenie lub opuszczenie od g\u00f3ry i do\u0142u. Dzi\u0119ki temu mo\u017cemy decydowa\u0107, kt\u00f3r\u0105 parti\u0119&#8230;<\/p>\n","protected":false},"author":3,"featured_media":0,"parent":0,"menu_order":0,"comment_status":"closed","ping_status":"closed","template":"","meta":{"footnotes":""},"class_list":["post-13653","page","type-page","status-publish","hentry"],"_links":{"self":[{"href":"https:\/\/roletychojnacki.pl\/index.php\/wp-json\/wp\/v2\/pages\/13653","targetHints":{"allow":["GET"]}}],"collection":[{"href":"https:\/\/roletychojnacki.pl\/index.php\/wp-json\/wp\/v2\/pages"}],"about":[{"href":"https:\/\/roletychojnacki.pl\/index.php\/wp-json\/wp\/v2\/types\/page"}],"author":[{"embeddable":true,"href":"https:\/\/roletychojnacki.pl\/index.php\/wp-json\/wp\/v2\/users\/3"}],"replies":[{"embeddable":true,"href":"https:\/\/roletychojnacki.pl\/index.php\/wp-json\/wp\/v2\/comments?post=13653"}],"version-history":[{"count":7,"href":"https:\/\/roletychojnacki.pl\/index.php\/wp-json\/wp\/v2\/pages\/13653\/revisions"}],"predecessor-version":[{"id":14265,"href":"https:\/\/roletychojnacki.pl\/index.php\/wp-json\/wp\/v2\/pages\/13653\/revisions\/14265"}],"wp:attachment":[{"href":"https:\/\/roletychojnacki.pl\/index.php\/wp-json\/wp\/v2\/media?parent=13653"}],"curies":[{"name":"wp","href":"https:\/\/api.w.org\/{rel}","templated":true}]}}