{"id":2,"date":"2020-06-03T21:38:06","date_gmt":"2020-06-03T21:38:06","guid":{"rendered":"https:\/\/essentials.pixfort.com\/corporate\/?page_id=2"},"modified":"2024-05-08T15:33:06","modified_gmt":"2024-05-08T13:33:06","slug":"o-nas","status":"publish","type":"page","link":"https:\/\/roletychojnacki.pl\/index.php\/o-nas\/","title":{"rendered":"O nas"},"content":{"rendered":"\t\t<div data-elementor-type=\"wp-page\" data-elementor-id=\"2\" class=\"elementor elementor-2\" data-elementor-post-type=\"page\">\n\t\t\t\t\t\t<section class=\"elementor-section elementor-top-section elementor-element elementor-element-b578d07 elementor-section-boxed elementor-section-height-default elementor-section-height-default\" data-id=\"b578d07\" data-element_type=\"section\">\n\t\t\t\t\t\t<div class=\"elementor-container elementor-column-gap-default\">\n\t\t\t\t\t<div class=\"elementor-column elementor-col-50 elementor-top-column elementor-element elementor-element-9103040\" data-id=\"9103040\" data-element_type=\"column\">\n\t\t\t<div class=\"elementor-widget-wrap elementor-element-populated\">\n\t\t\t\t\t\t<div class=\"elementor-element elementor-element-6b5aed92 shadow shadow-hover-sm fly-sm rounded-10 pix-mb-20 elementor-widget elementor-widget-pix-feature\" data-id=\"6b5aed92\" data-element_type=\"widget\" data-widget_type=\"pix-feature.default\">\n\t\t\t\t<div class=\"elementor-widget-container\">\n\t\t\t\t\t<div class=\"media \"><div class=\"rounded-circle d-inline-block mr-3 feature_img bg-orange \"   style=\" width:64.8px;height:64.8px;position:relative;line-height:64.8px;text-align:center;\"><i style=\"display:inline-block;font-size:36px;line-height:36px;\" class=\"text-white align-middle pixicon-user-5\"><\/i><\/div><div class=\"media-body\"><h5 class=\"font-weight-bold   text-heading-default  \" style=\"\"  ><\/h5><div class=\"text-text-gray      \" style=\"padding-top:10px;\"  >Nasi specjali\u015bci do\u0142o\u017c\u0105 wszelkich stara\u0144 aby spe\u0142ni\u0107 Twoje oczekiwania. <\/div><\/div><\/div>\t\t\t\t<\/div>\n\t\t\t\t<\/div>\n\t\t\t\t\t<\/div>\n\t\t<\/div>\n\t\t\t\t<div class=\"elementor-column elementor-col-50 elementor-top-column elementor-element elementor-element-2203fc9\" data-id=\"2203fc9\" data-element_type=\"column\">\n\t\t\t<div class=\"elementor-widget-wrap elementor-element-populated\">\n\t\t\t\t\t\t<div class=\"elementor-element elementor-element-76068b25 shadow shadow-hover-sm fly-sm rounded-10 pix-mb-20 elementor-widget elementor-widget-pix-feature\" data-id=\"76068b25\" data-element_type=\"widget\" data-widget_type=\"pix-feature.default\">\n\t\t\t\t<div class=\"elementor-widget-container\">\n\t\t\t\t\t<div class=\"media \"><div class=\"rounded-circle d-inline-block mr-3 feature_img bg-orange \"   style=\" width:64.8px;height:64.8px;position:relative;line-height:64.8px;text-align:center;\"><i style=\"display:inline-block;font-size:36px;line-height:36px;\" class=\"text-white align-middle pixicon-map-pinned-2\"><\/i><\/div><div class=\"media-body\"><h5 class=\"font-weight-bold   text-heading-default  \" style=\"\"  ><\/h5><div class=\"text-text-gray      \" style=\"padding-top:10px;\"  >Gwarantujemy najlepsze systemy os\u0142onowe od polskiego producenta. <\/div><\/div><\/div>\t\t\t\t<\/div>\n\t\t\t\t<\/div>\n\t\t\t\t\t<\/div>\n\t\t<\/div>\n\t\t\t\t\t<\/div>\n\t\t<\/section>\n\t\t\t\t<section class=\"elementor-section elementor-top-section elementor-element elementor-element-d1b946d elementor-section-boxed elementor-section-height-default elementor-section-height-default\" data-id=\"d1b946d\" data-element_type=\"section\">\n\t\t\t\t\t\t<div class=\"elementor-container elementor-column-gap-default\">\n\t\t\t\t\t<div class=\"elementor-column elementor-col-50 elementor-top-column elementor-element elementor-element-736a138\" data-id=\"736a138\" data-element_type=\"column\">\n\t\t\t<div class=\"elementor-widget-wrap elementor-element-populated\">\n\t\t\t\t\t\t<div class=\"elementor-element elementor-element-2bed683 shadow shadow-hover-sm fly-sm rounded-10 pix-mb-20 elementor-widget elementor-widget-pix-feature\" data-id=\"2bed683\" data-element_type=\"widget\" data-widget_type=\"pix-feature.default\">\n\t\t\t\t<div class=\"elementor-widget-container\">\n\t\t\t\t\t<div class=\"media \"><div class=\"rounded-circle d-inline-block mr-3 feature_img bg-orange \"   style=\" width:64.8px;height:64.8px;position:relative;line-height:64.8px;text-align:center;\"><i style=\"display:inline-block;font-size:36px;line-height:36px;\" class=\"text-white align-middle pixicon-reload-time\"><\/i><\/div><div class=\"media-body\"><h5 class=\"font-weight-bold   text-heading-default  \" style=\"\"  ><\/h5><div class=\"text-text-gray      \" style=\"padding-top:10px;\"  >Oferujemy wysok\u0105 jako\u015b\u0107, kr\u00f3tki czas realizacji oraz bezinwazyjny monta\u017c. <\/div><\/div><\/div>\t\t\t\t<\/div>\n\t\t\t\t<\/div>\n\t\t\t\t\t<\/div>\n\t\t<\/div>\n\t\t\t\t<div class=\"elementor-column elementor-col-50 elementor-top-column elementor-element elementor-element-2d35671\" data-id=\"2d35671\" data-element_type=\"column\">\n\t\t\t<div class=\"elementor-widget-wrap elementor-element-populated\">\n\t\t\t\t\t\t<div class=\"elementor-element elementor-element-337090ba shadow shadow-hover-sm fly-sm rounded-10 pix-mb-20 elementor-widget elementor-widget-pix-feature\" data-id=\"337090ba\" data-element_type=\"widget\" data-widget_type=\"pix-feature.default\">\n\t\t\t\t<div class=\"elementor-widget-container\">\n\t\t\t\t\t<div class=\"media \"><div class=\"rounded-circle d-inline-block mr-3 feature_img bg-orange \"   style=\" width:64.8px;height:64.8px;position:relative;line-height:64.8px;text-align:center;\"><i style=\"display:inline-block;font-size:36px;line-height:36px;\" class=\"text-white align-middle pixicon-check-circle-1\"><\/i><\/div><div class=\"media-body\"><h5 class=\"font-weight-bold   text-heading-default  \" style=\"\"  ><\/h5><div class=\"text-text-gray      \" style=\"padding-top:10px;\"  >Posiadamy rolety wewn\u0119trzne na ka\u017cde okno. <\/div><\/div><\/div>\t\t\t\t<\/div>\n\t\t\t\t<\/div>\n\t\t\t\t\t<\/div>\n\t\t<\/div>\n\t\t\t\t\t<\/div>\n\t\t<\/section>\n\t\t\t\t<section class=\"elementor-section elementor-top-section elementor-element elementor-element-aaf9aa1 elementor-section-boxed elementor-section-height-default elementor-section-height-default\" data-id=\"aaf9aa1\" data-element_type=\"section\">\n\t\t\t\t\t\t<div class=\"elementor-container elementor-column-gap-default\">\n\t\t\t\t\t<div class=\"elementor-column elementor-col-100 elementor-top-column elementor-element elementor-element-0c601c8\" data-id=\"0c601c8\" data-element_type=\"column\">\n\t\t\t<div class=\"elementor-widget-wrap elementor-element-populated\">\n\t\t\t\t\t\t<div class=\"elementor-element elementor-element-472d870 elementor-widget elementor-widget-spacer\" data-id=\"472d870\" data-element_type=\"widget\" data-widget_type=\"spacer.default\">\n\t\t\t\t<div class=\"elementor-widget-container\">\n\t\t\t\t\t\t\t<div class=\"elementor-spacer\">\n\t\t\t<div class=\"elementor-spacer-inner\"><\/div>\n\t\t<\/div>\n\t\t\t\t\t\t<\/div>\n\t\t\t\t<\/div>\n\t\t\t\t<div class=\"elementor-element elementor-element-260dc402 elementor-widget elementor-widget-pix-sliding-text\" data-id=\"260dc402\" data-element_type=\"widget\" data-widget_type=\"pix-sliding-text.default\">\n\t\t\t\t<div class=\"elementor-widget-container\">\n\t\t\t\t\t<div class=\"mb-3 text-left \"><div class=\"d-inline-block\" style=\"max-width:800px;\"><h2 class=\"mb-32 pix-sliding-headline font-weight-bold secondary-font\" data-class=\"text-heading-default\" data-style=\"\">Nasz zesp\u00f3\u0142<\/h2><\/div><\/div>\t\t\t\t<\/div>\n\t\t\t\t<\/div>\n\t\t\t\t\t<\/div>\n\t\t<\/div>\n\t\t\t\t\t<\/div>\n\t\t<\/section>\n\t\t\t\t<section class=\"elementor-section elementor-top-section elementor-element elementor-element-a0fe9df elementor-section-boxed elementor-section-height-default elementor-section-height-default\" data-id=\"a0fe9df\" data-element_type=\"section\">\n\t\t\t\t\t\t<div class=\"elementor-container elementor-column-gap-default\">\n\t\t\t\t\t<div class=\"elementor-column elementor-col-33 elementor-top-column elementor-element elementor-element-6be0b9f\" data-id=\"6be0b9f\" data-element_type=\"column\">\n\t\t\t<div class=\"elementor-widget-wrap elementor-element-populated\">\n\t\t\t\t\t\t<div class=\"elementor-element elementor-element-4624725 elementor-widget elementor-widget-image\" data-id=\"4624725\" data-element_type=\"widget\" data-widget_type=\"image.default\">\n\t\t\t\t<div class=\"elementor-widget-container\">\n\t\t\t\t\t\t\t\t\t\t\t\t\t\t\t<img fetchpriority=\"high\" decoding=\"async\" width=\"640\" height=\"816\" src=\"https:\/\/roletychojnacki.pl\/wp-content\/uploads\/2024\/05\/1-3-803x1024.jpg\" class=\"elementor-animation-grow attachment-large size-large wp-image-14204\" alt=\"\" srcset=\"https:\/\/roletychojnacki.pl\/wp-content\/uploads\/2024\/05\/1-3-803x1024.jpg 803w, https:\/\/roletychojnacki.pl\/wp-content\/uploads\/2024\/05\/1-3-235x300.jpg 235w, https:\/\/roletychojnacki.pl\/wp-content\/uploads\/2024\/05\/1-3-768x979.jpg 768w, https:\/\/roletychojnacki.pl\/wp-content\/uploads\/2024\/05\/1-3.jpg 1067w\" sizes=\"(max-width: 640px) 100vw, 640px\" \/>\t\t\t\t\t\t\t\t\t\t\t\t\t\t\t<\/div>\n\t\t\t\t<\/div>\n\t\t\t\t<div class=\"elementor-element elementor-element-e205ca0 elementor-widget elementor-widget-heading\" data-id=\"e205ca0\" data-element_type=\"widget\" data-widget_type=\"heading.default\">\n\t\t\t\t<div class=\"elementor-widget-container\">\n\t\t\t\t\t<h4 class=\"elementor-heading-title elementor-size-default\">Sylwia Tomczak<\/h4>\t\t\t\t<\/div>\n\t\t\t\t<\/div>\n\t\t\t\t<div class=\"elementor-element elementor-element-9472550 elementor-widget elementor-widget-heading\" data-id=\"9472550\" data-element_type=\"widget\" data-widget_type=\"heading.default\">\n\t\t\t\t<div class=\"elementor-widget-container\">\n\t\t\t\t\t<h4 class=\"elementor-heading-title elementor-size-default\">W\u0142a\u015bcicielka firmy, dba o budowanie doskona\u0142ych relacji z klientami, terminow\u0105 realizacj\u0119 zlece\u0144 i sprawn\u0105 logistyk\u0119. Dzi\u0119ki jej zaanga\u017cowaniu ka\u017cdy projekt przebiega bezproblemowo, a klienci otrzymuj\u0105 fachow\u0105 obs\u0142ug\u0119 na najwy\u017cszym poziomie.<\/h4>\t\t\t\t<\/div>\n\t\t\t\t<\/div>\n\t\t\t\t\t<\/div>\n\t\t<\/div>\n\t\t\t\t<div class=\"elementor-column elementor-col-33 elementor-top-column elementor-element elementor-element-59c5c4c\" data-id=\"59c5c4c\" data-element_type=\"column\">\n\t\t\t<div class=\"elementor-widget-wrap elementor-element-populated\">\n\t\t\t\t\t\t<div class=\"elementor-element elementor-element-ad7d61c elementor-widget elementor-widget-image\" data-id=\"ad7d61c\" data-element_type=\"widget\" data-widget_type=\"image.default\">\n\t\t\t\t<div class=\"elementor-widget-container\">\n\t\t\t\t\t\t\t\t\t\t\t\t\t\t\t<img decoding=\"async\" width=\"640\" height=\"806\" src=\"https:\/\/roletychojnacki.pl\/wp-content\/uploads\/2024\/05\/1-4-813x1024.jpg\" class=\"elementor-animation-grow attachment-large size-large wp-image-14205\" alt=\"\" srcset=\"https:\/\/roletychojnacki.pl\/wp-content\/uploads\/2024\/05\/1-4-813x1024.jpg 813w, https:\/\/roletychojnacki.pl\/wp-content\/uploads\/2024\/05\/1-4-238x300.jpg 238w, https:\/\/roletychojnacki.pl\/wp-content\/uploads\/2024\/05\/1-4-768x967.jpg 768w, https:\/\/roletychojnacki.pl\/wp-content\/uploads\/2024\/05\/1-4.jpg 1068w\" sizes=\"(max-width: 640px) 100vw, 640px\" \/>\t\t\t\t\t\t\t\t\t\t\t\t\t\t\t<\/div>\n\t\t\t\t<\/div>\n\t\t\t\t<div class=\"elementor-element elementor-element-3163fd7 elementor-widget elementor-widget-heading\" data-id=\"3163fd7\" data-element_type=\"widget\" data-widget_type=\"heading.default\">\n\t\t\t\t<div class=\"elementor-widget-container\">\n\t\t\t\t\t<h4 class=\"elementor-heading-title elementor-size-default\">Miko\u0142aj Chojnacki<\/h4>\t\t\t\t<\/div>\n\t\t\t\t<\/div>\n\t\t\t\t<div class=\"elementor-element elementor-element-b26c89f elementor-widget elementor-widget-heading\" data-id=\"b26c89f\" data-element_type=\"widget\" data-widget_type=\"heading.default\">\n\t\t\t\t<div class=\"elementor-widget-container\">\n\t\t\t\t\t<h4 class=\"elementor-heading-title elementor-size-default\">Do\u015bwiadczony specjalista ds. sprzeda\u017cy, posiadaj\u0105cy rozleg\u0142\u0105 wiedz\u0119 na temat tkanin i ich zastosowania. Z \u0142atwo\u015bci\u0105 dobiera idealne rozwi\u0105zania okienne do ka\u017cdego wn\u0119trza, bior\u0105c pod uwag\u0119 potrzeby i bud\u017cet klienta. S\u0142u\u017cy fachow\u0105 rad\u0105 i pomaga w wyborze najlepszych materia\u0142\u00f3w i wzor\u00f3w.<\/h4>\t\t\t\t<\/div>\n\t\t\t\t<\/div>\n\t\t\t\t\t<\/div>\n\t\t<\/div>\n\t\t\t\t<div class=\"elementor-column elementor-col-33 elementor-top-column elementor-element elementor-element-d19aea6\" data-id=\"d19aea6\" data-element_type=\"column\">\n\t\t\t<div class=\"elementor-widget-wrap elementor-element-populated\">\n\t\t\t\t\t\t<div class=\"elementor-element elementor-element-8dea086 elementor-widget elementor-widget-image\" data-id=\"8dea086\" data-element_type=\"widget\" data-widget_type=\"image.default\">\n\t\t\t\t<div class=\"elementor-widget-container\">\n\t\t\t\t\t\t\t\t\t\t\t\t\t\t\t<img decoding=\"async\" width=\"640\" height=\"800\" src=\"https:\/\/roletychojnacki.pl\/wp-content\/uploads\/2024\/05\/1-2-819x1024.jpg\" class=\"elementor-animation-grow attachment-large size-large wp-image-14203\" alt=\"\" srcset=\"https:\/\/roletychojnacki.pl\/wp-content\/uploads\/2024\/05\/1-2-819x1024.jpg 819w, https:\/\/roletychojnacki.pl\/wp-content\/uploads\/2024\/05\/1-2-240x300.jpg 240w, https:\/\/roletychojnacki.pl\/wp-content\/uploads\/2024\/05\/1-2-768x960.jpg 768w, https:\/\/roletychojnacki.pl\/wp-content\/uploads\/2024\/05\/1-2.jpg 1068w\" sizes=\"(max-width: 640px) 100vw, 640px\" \/>\t\t\t\t\t\t\t\t\t\t\t\t\t\t\t<\/div>\n\t\t\t\t<\/div>\n\t\t\t\t<div class=\"elementor-element elementor-element-d216fb0 elementor-widget elementor-widget-heading\" data-id=\"d216fb0\" data-element_type=\"widget\" data-widget_type=\"heading.default\">\n\t\t\t\t<div class=\"elementor-widget-container\">\n\t\t\t\t\t<h4 class=\"elementor-heading-title elementor-size-default\">Miko\u0142aj Lewandowski<\/h4>\t\t\t\t<\/div>\n\t\t\t\t<\/div>\n\t\t\t\t<div class=\"elementor-element elementor-element-472f409 elementor-widget elementor-widget-heading\" data-id=\"472f409\" data-element_type=\"widget\" data-widget_type=\"heading.default\">\n\t\t\t\t<div class=\"elementor-widget-container\">\n\t\t\t\t\t<h4 class=\"elementor-heading-title elementor-size-default\">Do\u015bwiadczony monter rolet i serwisant okien. <br>Z dba\u0142o\u015bci\u0105 o ka\u017cdy szczeg\u00f3\u0142 montuje rolety i dba o perfekcyjny wygl\u0105d okien. Jego praca gwarantuje najwy\u017csz\u0105 jako\u015b\u0107 us\u0142ug i satysfakcj\u0119 klienta.<\/h4>\t\t\t\t<\/div>\n\t\t\t\t<\/div>\n\t\t\t\t\t<\/div>\n\t\t<\/div>\n\t\t\t\t\t<\/div>\n\t\t<\/section>\n\t\t\t\t<section class=\"elementor-section elementor-top-section elementor-element elementor-element-933a98c elementor-section-boxed elementor-section-height-default elementor-section-height-default\" data-id=\"933a98c\" data-element_type=\"section\">\n\t\t\t\t\t\t<div class=\"elementor-container elementor-column-gap-default\">\n\t\t\t\t\t<div class=\"elementor-column elementor-col-100 elementor-top-column elementor-element elementor-element-bb82c2a\" data-id=\"bb82c2a\" data-element_type=\"column\">\n\t\t\t<div class=\"elementor-widget-wrap elementor-element-populated\">\n\t\t\t\t\t\t<div class=\"elementor-element elementor-element-90952f0 elementor-widget elementor-widget-spacer\" data-id=\"90952f0\" data-element_type=\"widget\" data-widget_type=\"spacer.default\">\n\t\t\t\t<div class=\"elementor-widget-container\">\n\t\t\t\t\t\t\t<div class=\"elementor-spacer\">\n\t\t\t<div class=\"elementor-spacer-inner\"><\/div>\n\t\t<\/div>\n\t\t\t\t\t\t<\/div>\n\t\t\t\t<\/div>\n\t\t\t\t\t<\/div>\n\t\t<\/div>\n\t\t\t\t\t<\/div>\n\t\t<\/section>\n\t\t\t\t<section class=\"elementor-section elementor-top-section elementor-element elementor-element-0997885 elementor-section-boxed elementor-section-height-default elementor-section-height-default\" data-id=\"0997885\" data-element_type=\"section\">\n\t\t\t\t\t\t<div class=\"elementor-container elementor-column-gap-default\">\n\t\t\t\t\t<div class=\"elementor-column elementor-col-50 elementor-top-column elementor-element elementor-element-b852e68\" data-id=\"b852e68\" data-element_type=\"column\">\n\t\t\t<div class=\"elementor-widget-wrap elementor-element-populated\">\n\t\t\t\t\t\t<div class=\"elementor-element elementor-element-f4d2cf1 elementor-widget elementor-widget-pix-sliding-text\" data-id=\"f4d2cf1\" data-element_type=\"widget\" data-widget_type=\"pix-sliding-text.default\">\n\t\t\t\t<div class=\"elementor-widget-container\">\n\t\t\t\t\t<div class=\"mb-3 text-left \"><div class=\"d-inline-block\" style=\"max-width:800px;\"><h2 class=\"mb-32 pix-sliding-headline font-weight-bold secondary-font\" data-class=\"text-heading-default\" data-style=\"\">Co mo\u017cemy powiedzie\u0107<br> \no sobie?<\/h2><\/div><\/div>\t\t\t\t<\/div>\n\t\t\t\t<\/div>\n\t\t\t\t<div class=\"elementor-element elementor-element-fcf3c05 elementor-widget elementor-widget-text-editor\" data-id=\"fcf3c05\" data-element_type=\"widget\" data-widget_type=\"text-editor.default\">\n\t\t\t\t<div class=\"elementor-widget-container\">\n\t\t\t\t\t\t\t\t\t<p>Lubimy wyzwania ,dlatego zadowolenie naszych klient\u00f3w nap\u0119dza nas do dzia\u0142ania. Naszym celem jest by\u015b i Ty czu\u0142 si\u0119 dobrze w swoim domu. Ch\u0119tnie przyjedziemy i doradzimy w wyborze. Przedstawimy nowoczesne rozwi\u0105zania, kt\u00f3re b\u0119d\u0105 idealnym uzupe\u0142nieniem Twojego domu lub biura. Wysoka jako\u015b\u0107 i r\u00f3\u017cnorodno\u015b\u0107 naszej oferty sprosta nawet najwi\u0119kszym wymaganiom, a dobrze dobrana tkanina podkre\u015bli styl Twojego wn\u0119trza, jednocze\u015bnie dbaj\u0105c o Twoj\u0105 prywatno\u015b\u0107.<\/p>\t\t\t\t\t\t\t\t<\/div>\n\t\t\t\t<\/div>\n\t\t\t\t<div class=\"elementor-element elementor-element-332db04c elementor-widget__width-auto elementor-widget elementor-widget-pix-button\" data-id=\"332db04c\" data-element_type=\"widget\" data-widget_type=\"pix-button.default\">\n\t\t\t\t<div class=\"elementor-widget-container\">\n\t\t\t\t\t<a href=\"https:\/\/roletychojnacki.pl\/index.php\/kontakt\/\" class=\"btn m-0    shadow-inverse-sm shadow-inverse-hover-sm scale-inverse-sm text-heading-default btn-white d-inline-block      animate-in btn-lg\"   data-anim-type=\"fade-in-up\" data-anim-delay=\"1200\" ><i class=\"font-weight-bold pixicon-messages-2   mr-1\"><\/i> <span class=\"font-weight-bold \" >Napisz do nas<\/span><\/a>\t\t\t\t<\/div>\n\t\t\t\t<\/div>\n\t\t\t\t\t<\/div>\n\t\t<\/div>\n\t\t\t\t<div class=\"elementor-column elementor-col-50 elementor-top-column elementor-element elementor-element-b76c1ff\" data-id=\"b76c1ff\" data-element_type=\"column\">\n\t\t\t<div class=\"elementor-widget-wrap\">\n\t\t\t\t\t\t\t<\/div>\n\t\t<\/div>\n\t\t\t\t\t<\/div>\n\t\t<\/section>\n\t\t\t\t<section class=\"elementor-section elementor-top-section elementor-element elementor-element-4cfcaa1 elementor-section-boxed elementor-section-height-default elementor-section-height-default\" data-id=\"4cfcaa1\" data-element_type=\"section\">\n\t\t\t\t\t\t<div class=\"elementor-container elementor-column-gap-default\">\n\t\t\t\t\t<div class=\"elementor-column elementor-col-100 elementor-top-column elementor-element elementor-element-26ce9d3\" data-id=\"26ce9d3\" data-element_type=\"column\">\n\t\t\t<div class=\"elementor-widget-wrap elementor-element-populated\">\n\t\t\t\t\t\t<div class=\"elementor-element elementor-element-b09afbb elementor-widget elementor-widget-spacer\" data-id=\"b09afbb\" data-element_type=\"widget\" data-widget_type=\"spacer.default\">\n\t\t\t\t<div class=\"elementor-widget-container\">\n\t\t\t\t\t\t\t<div class=\"elementor-spacer\">\n\t\t\t<div class=\"elementor-spacer-inner\"><\/div>\n\t\t<\/div>\n\t\t\t\t\t\t<\/div>\n\t\t\t\t<\/div>\n\t\t\t\t\t<\/div>\n\t\t<\/div>\n\t\t\t\t\t<\/div>\n\t\t<\/section>\n\t\t\t\t<\/div>\n\t\t","protected":false},"excerpt":{"rendered":"<p>Nasi specjali\u015bci do\u0142o\u017c\u0105 wszelkich stara\u0144 aby spe\u0142ni\u0107 Twoje oczekiwania. Gwarantujemy najlepsze systemy os\u0142onowe od polskiego producenta. Oferujemy wysok\u0105 jako\u015b\u0107, kr\u00f3tki czas realizacji oraz bezinwazyjny monta\u017c. Posiadamy rolety wewn\u0119trzne na ka\u017cde okno. Nasz zesp\u00f3\u0142 Sylwia Tomczak W\u0142a\u015bcicielka firmy, dba o budowanie&#8230;<\/p>\n","protected":false},"author":3,"featured_media":0,"parent":0,"menu_order":0,"comment_status":"closed","ping_status":"open","template":"","meta":{"footnotes":""},"class_list":["post-2","page","type-page","status-publish","hentry"],"_links":{"self":[{"href":"https:\/\/roletychojnacki.pl\/index.php\/wp-json\/wp\/v2\/pages\/2","targetHints":{"allow":["GET"]}}],"collection":[{"href":"https:\/\/roletychojnacki.pl\/index.php\/wp-json\/wp\/v2\/pages"}],"about":[{"href":"https:\/\/roletychojnacki.pl\/index.php\/wp-json\/wp\/v2\/types\/page"}],"author":[{"embeddable":true,"href":"https:\/\/roletychojnacki.pl\/index.php\/wp-json\/wp\/v2\/users\/3"}],"replies":[{"embeddable":true,"href":"https:\/\/roletychojnacki.pl\/index.php\/wp-json\/wp\/v2\/comments?post=2"}],"version-history":[{"count":53,"href":"https:\/\/roletychojnacki.pl\/index.php\/wp-json\/wp\/v2\/pages\/2\/revisions"}],"predecessor-version":[{"id":14214,"href":"https:\/\/roletychojnacki.pl\/index.php\/wp-json\/wp\/v2\/pages\/2\/revisions\/14214"}],"wp:attachment":[{"href":"https:\/\/roletychojnacki.pl\/index.php\/wp-json\/wp\/v2\/media?parent=2"}],"curies":[{"name":"wp","href":"https:\/\/api.w.org\/{rel}","templated":true}]}}